{"id":2258,"date":"2023-10-20T14:44:35","date_gmt":"2023-10-20T12:44:35","guid":{"rendered":"https:\/\/emeraude.gms-digital.ch\/exceptional\/"},"modified":"2024-04-06T16:34:38","modified_gmt":"2024-04-06T14:34:38","slug":"exceptional","status":"publish","type":"page","link":"https:\/\/www.emeraude.ch\/en\/exceptional\/","title":{"rendered":"EXCEPTIONAL"},"content":{"rendered":"<p><div class=\"fusion-fullwidth fullwidth-box fusion-builder-row-1 fusion-flex-container has-pattern-background has-mask-background nonhundred-percent-fullwidth non-hundred-percent-height-scrolling\" style=\"--awb-border-radius-top-left:0px;--awb-border-radius-top-right:0px;--awb-border-radius-bottom-right:0px;--awb-border-radius-bottom-left:0px;--awb-background-color:var(--awb-color1);--awb-flex-wrap:wrap;\" ><div class=\"fusion-builder-row fusion-row fusion-flex-align-items-flex-start fusion-flex-content-wrap\" style=\"max-width:1872px;margin-left: calc(-4% \/ 2 );margin-right: calc(-4% \/ 2 );\"><div class=\"fusion-layout-column fusion_builder_column fusion-builder-column-0 fusion_builder_column_1_1 1_1 fusion-flex-column\" style=\"--awb-bg-size:cover;--awb-width-large:100%;--awb-margin-top-large:0px;--awb-spacing-right-large:1.92%;--awb-margin-bottom-large:20px;--awb-spacing-left-large:1.92%;--awb-width-medium:100%;--awb-order-medium:0;--awb-spacing-right-medium:1.92%;--awb-spacing-left-medium:1.92%;--awb-width-small:100%;--awb-order-small:0;--awb-spacing-right-small:1.92%;--awb-spacing-left-small:1.92%;\"><div class=\"fusion-column-wrapper fusion-column-has-shadow fusion-flex-justify-content-flex-start fusion-content-layout-column\"><div class=\"fusion-title title fusion-title-1 fusion-sep-none fusion-title-center fusion-title-text fusion-title-size-one fusion-animated\" style=\"--awb-text-color:var(--awb-custom_color_1);--awb-margin-top-small:10px;--awb-margin-right-small:0px;--awb-margin-bottom-small:10px;--awb-margin-left-small:0px;\" data-animationType=\"slideInLeft\" data-animationDuration=\"0.5\" data-animationOffset=\"top-into-view\"><h1 class=\"fusion-title-heading title-heading-center fusion-responsive-typography-calculated\" style=\"margin:0;--fontSize:48;line-height:var(--awb-custom_typography_3-line-height);\"><p style=\"text-align: center;\">EXCEPTIONNEL<\/p><\/h1><\/div>\n<div class=\"fusion-title title fusion-title-2 fusion-sep-none fusion-title-center fusion-title-text fusion-title-size-two fusion-animated\" style=\"--awb-text-color:var(--awb-color8);--awb-margin-top-small:10px;--awb-margin-right-small:0px;--awb-margin-bottom-small:10px;--awb-margin-left-small:0px;\" data-animationType=\"slideInRight\" data-animationDuration=\"0.7\" data-animationDelay=\"0.2\" data-animationOffset=\"top-into-view\"><h2 class=\"fusion-title-heading title-heading-center fusion-responsive-typography-calculated\" style=\"margin:0;--fontSize:20;line-height:var(--awb-custom_typography_4-line-height);\"><p style=\"text-align: center;\">UNIQUE, RARE AND ORIGINAL PIECES<\/p><\/h2><\/div><\/div><\/div><div class=\"fusion-layout-column fusion_builder_column fusion-builder-column-1 fusion-flex-column fusion-column-inner-bg-wrapper\" style=\"--awb-inner-bg-size:cover;--awb-width-large:32%;--awb-margin-top-large:0px;--awb-spacing-right-large:6%;--awb-margin-bottom-large:20px;--awb-spacing-left-large:6%;--awb-width-medium:32%;--awb-order-medium:0;--awb-spacing-right-medium:6%;--awb-spacing-left-medium:6%;--awb-width-small:100%;--awb-order-small:0;--awb-spacing-right-small:1.92%;--awb-spacing-left-small:1.92%;\" data-scroll-devices=\"small-visibility,medium-visibility,large-visibility\"><span class=\"fusion-column-inner-bg hover-type-zoomout\"><span class=\"fusion-column-anchor\"><span class=\"fusion-column-inner-bg-image\"><\/span><\/span><\/span><div class=\"fusion-column-wrapper fusion-column-has-shadow fusion-flex-justify-content-flex-start fusion-content-layout-column\"><\/div><\/div><div class=\"fusion-layout-column fusion_builder_column fusion-builder-column-2 fusion-flex-column\" style=\"--awb-bg-size:cover;--awb-width-large:36%;--awb-margin-top-large:0px;--awb-spacing-right-large:5.3333333333333%;--awb-margin-bottom-large:20px;--awb-spacing-left-large:5.3333333333333%;--awb-width-medium:36%;--awb-order-medium:0;--awb-spacing-right-medium:5.3333333333333%;--awb-spacing-left-medium:5.3333333333333%;--awb-width-small:100%;--awb-order-small:0;--awb-spacing-right-small:1.92%;--awb-spacing-left-small:1.92%;\" data-scroll-devices=\"small-visibility,medium-visibility,large-visibility\"><div class=\"fusion-column-wrapper fusion-column-has-shadow fusion-flex-justify-content-flex-start fusion-content-layout-column\"><div class=\"fusion-text fusion-text-1\" style=\"--awb-text-color:var(--awb-color8);\"><p style=\"text-align: justify;\">We cultivate the spirit of the unusual and the exceptional\u2026 here you can find all of A L&#8217;Emeraude`s horological news and updates!<\/p>\n<\/div><\/div><\/div><div class=\"fusion-layout-column fusion_builder_column fusion-builder-column-3 fusion-flex-column\" style=\"--awb-bg-size:cover;--awb-width-large:32%;--awb-margin-top-large:0px;--awb-spacing-right-large:6%;--awb-margin-bottom-large:20px;--awb-spacing-left-large:6%;--awb-width-medium:32%;--awb-order-medium:0;--awb-spacing-right-medium:6%;--awb-spacing-left-medium:6%;--awb-width-small:100%;--awb-order-small:0;--awb-spacing-right-small:1.92%;--awb-spacing-left-small:1.92%;\" data-scroll-devices=\"small-visibility,medium-visibility,large-visibility\"><div class=\"fusion-column-wrapper fusion-column-has-shadow fusion-flex-justify-content-flex-start fusion-content-layout-column\"><\/div><\/div><\/div><\/div><div class=\"fusion-fullwidth fullwidth-box fusion-builder-row-2 fusion-flex-container has-pattern-background has-mask-background fusion-parallax-none nonhundred-percent-fullwidth non-hundred-percent-height-scrolling\" style=\"--awb-border-radius-top-left:0px;--awb-border-radius-top-right:0px;--awb-border-radius-bottom-right:0px;--awb-border-radius-bottom-left:0px;--awb-background-image:url(&quot;https:\/\/www.emeraude.ch\/wp-content\/uploads\/2023\/10\/emeraude-exceptionnel-romain-gauthier.jpg&quot;);--awb-background-size:cover;--awb-flex-wrap:wrap;\" ><div class=\"fusion-builder-row fusion-row fusion-flex-align-items-flex-start fusion-flex-content-wrap\" style=\"max-width:1872px;margin-left: calc(-4% \/ 2 );margin-right: calc(-4% \/ 2 );\"><div class=\"fusion-layout-column fusion_builder_column fusion-builder-column-4 fusion_builder_column_1_1 1_1 fusion-flex-column\" style=\"--awb-bg-size:cover;--awb-width-large:100%;--awb-margin-top-large:0px;--awb-spacing-right-large:1.92%;--awb-margin-bottom-large:20px;--awb-spacing-left-large:1.92%;--awb-width-medium:100%;--awb-order-medium:0;--awb-spacing-right-medium:1.92%;--awb-spacing-left-medium:1.92%;--awb-width-small:100%;--awb-order-small:0;--awb-spacing-right-small:1.92%;--awb-spacing-left-small:1.92%;\"><div class=\"fusion-column-wrapper fusion-column-has-shadow fusion-flex-justify-content-flex-start fusion-content-layout-column\"><div class=\"fusion-separator fusion-full-width-sep\" style=\"align-self: center;margin-left: auto;margin-right: auto;margin-top:690px;width:100%;\"><\/div><\/div><\/div><\/div><\/div><div class=\"fusion-fullwidth fullwidth-box fusion-builder-row-3 fusion-flex-container has-pattern-background has-mask-background nonhundred-percent-fullwidth non-hundred-percent-height-scrolling\" style=\"--awb-border-radius-top-left:0px;--awb-border-radius-top-right:0px;--awb-border-radius-bottom-right:0px;--awb-border-radius-bottom-left:0px;--awb-padding-top:55px;--awb-padding-right:40px;--awb-padding-bottom:30px;--awb-padding-left:40px;--awb-background-color:var(--awb-color3);--awb-flex-wrap:wrap;\" ><div class=\"fusion-builder-row fusion-row fusion-flex-align-items-flex-start fusion-flex-content-wrap\" style=\"max-width:1872px;margin-left: calc(-4% \/ 2 );margin-right: calc(-4% \/ 2 );\"><div class=\"fusion-layout-column fusion_builder_column fusion-builder-column-5 fusion_builder_column_1_4 1_4 fusion-flex-column fusion-column-inner-bg-wrapper\" style=\"--awb-padding-right:20px;--awb-padding-left:20px;--awb-inner-bg-image:linear-gradient(180deg, rgba(39,38,39,0.2) 0%,rgba(39,38,39,0.9) 70%),url(https:\/\/www.emeraude.ch\/wp-content\/uploads\/2023\/09\/romain-gauthier-insight-micro-rotor-thumb.jpg);;--awb-inner-bg-position:center center;--awb-inner-bg-size:cover;--awb-filter:invert(0%);--awb-filter-transition:filter 0.3s ease;--awb-filter-hover:invert(100%);--awb-width-large:25%;--awb-margin-top-large:0px;--awb-spacing-right-large:7.68%;--awb-margin-bottom-large:20px;--awb-spacing-left-large:7.68%;--awb-width-medium:25%;--awb-order-medium:0;--awb-spacing-right-medium:7.68%;--awb-spacing-left-medium:7.68%;--awb-width-small:100%;--awb-order-small:0;--awb-spacing-right-small:1.92%;--awb-spacing-left-small:1.92%;\" data-scroll-devices=\"small-visibility,medium-visibility,large-visibility\"><span class=\"fusion-column-inner-bg hover-type-none\"><a class=\"fusion-column-anchor\" href=\"https:\/\/www.emeraude.ch\/insight-micro-rotor\/\"><span class=\"fusion-column-inner-bg-image\"><\/span><\/a><\/span><div class=\"fusion-column-wrapper fusion-column-has-shadow fusion-flex-justify-content-flex-start fusion-content-layout-column fusion-column-has-bg-image\" data-bg-url=\"https:\/\/www.emeraude.ch\/wp-content\/uploads\/2023\/09\/romain-gauthier-insight-micro-rotor-thumb.jpg\"><div class=\"fusion-separator fusion-full-width-sep\" style=\"align-self: center;margin-left: auto;margin-right: auto;margin-top:225px;width:100%;\"><\/div><div class=\"fusion-title title fusion-title-3 sep-underline sep-solid fusion-title-text fusion-title-size-three\" style=\"--awb-text-color:var(--awb-color1);--awb-margin-top-small:10px;--awb-margin-right-small:0px;--awb-margin-bottom-small:10px;--awb-margin-left-small:0px;--awb-sep-color:var(--awb-color2);\"><h3 class=\"fusion-title-heading title-heading-left fusion-responsive-typography-calculated\" style=\"margin:0;text-transform:uppercase;--fontSize:28;line-height:var(--awb-typography1-line-height);\">Insight Micro-Rotor<\/h3><\/div><div class=\"fusion-text fusion-text-2\" style=\"--awb-text-color:var(--awb-color1);\"><p>Une montre haut de gamme \u00e0 remontage automatique qui offre \u00e9l\u00e9gance et efficacit\u00e9, pr\u00e9cision et puissance, discr\u00e9tion et splendeur.<br \/>\nD\u00e9couvrir&#8230;<\/p>\n<\/div><\/div><\/div><div class=\"fusion-layout-column fusion_builder_column fusion-builder-column-6 fusion_builder_column_1_4 1_4 fusion-flex-column\" style=\"--awb-bg-size:cover;--awb-width-large:25%;--awb-margin-top-large:0px;--awb-spacing-right-large:7.68%;--awb-margin-bottom-large:20px;--awb-spacing-left-large:7.68%;--awb-width-medium:25%;--awb-order-medium:0;--awb-spacing-right-medium:7.68%;--awb-spacing-left-medium:7.68%;--awb-width-small:100%;--awb-order-small:0;--awb-spacing-right-small:1.92%;--awb-spacing-left-small:1.92%;\"><div class=\"fusion-column-wrapper fusion-column-has-shadow fusion-flex-justify-content-flex-start fusion-content-layout-column\"><\/div><\/div><div class=\"fusion-layout-column fusion_builder_column fusion-builder-column-7 fusion_builder_column_1_4 1_4 fusion-flex-column\" style=\"--awb-bg-size:cover;--awb-width-large:25%;--awb-margin-top-large:0px;--awb-spacing-right-large:7.68%;--awb-margin-bottom-large:20px;--awb-spacing-left-large:7.68%;--awb-width-medium:25%;--awb-order-medium:0;--awb-spacing-right-medium:7.68%;--awb-spacing-left-medium:7.68%;--awb-width-small:100%;--awb-order-small:0;--awb-spacing-right-small:1.92%;--awb-spacing-left-small:1.92%;\"><div class=\"fusion-column-wrapper fusion-column-has-shadow fusion-flex-justify-content-flex-start fusion-content-layout-column\"><\/div><\/div><div class=\"fusion-layout-column fusion_builder_column fusion-builder-column-8 fusion_builder_column_1_4 1_4 fusion-flex-column\" style=\"--awb-bg-size:cover;--awb-width-large:25%;--awb-margin-top-large:0px;--awb-spacing-right-large:7.68%;--awb-margin-bottom-large:20px;--awb-spacing-left-large:7.68%;--awb-width-medium:25%;--awb-order-medium:0;--awb-spacing-right-medium:7.68%;--awb-spacing-left-medium:7.68%;--awb-width-small:100%;--awb-order-small:0;--awb-spacing-right-small:1.92%;--awb-spacing-left-small:1.92%;\"><div class=\"fusion-column-wrapper fusion-column-has-shadow fusion-flex-justify-content-flex-start fusion-content-layout-column\"><\/div><\/div><\/div><\/div><\/p>\n","protected":false},"excerpt":{"rendered":"","protected":false},"author":1,"featured_media":0,"parent":0,"menu_order":0,"comment_status":"closed","ping_status":"closed","template":"","meta":{"_acf_changed":false,"footnotes":""},"class_list":["post-2258","page","type-page","status-publish","hentry"],"acf":[],"yoast_head":"<!-- This site is optimized with the Yoast SEO plugin v27.4 - https:\/\/yoast.com\/product\/yoast-seo-wordpress\/ -->\n<title>EXCEPTIONAL - A l&#039;\u00c9meraude<\/title>\n<meta name=\"robots\" content=\"index, follow, max-snippet:-1, max-image-preview:large, max-video-preview:-1\" \/>\n<link rel=\"canonical\" href=\"https:\/\/www.emeraude.ch\/en\/exceptional\/\" \/>\n<meta property=\"og:locale\" content=\"en_US\" \/>\n<meta property=\"og:type\" content=\"article\" \/>\n<meta property=\"og:title\" content=\"EXCEPTIONAL - A l&#039;\u00c9meraude\" \/>\n<meta property=\"og:url\" content=\"https:\/\/www.emeraude.ch\/en\/exceptional\/\" \/>\n<meta property=\"og:site_name\" content=\"A l&#039;\u00c9meraude\" \/>\n<meta property=\"article:modified_time\" content=\"2024-04-06T14:34:38+00:00\" \/>\n<meta name=\"twitter:card\" content=\"summary_large_image\" \/>\n<meta name=\"twitter:label1\" content=\"Est. reading time\" \/>\n\t<meta name=\"twitter:data1\" content=\"32 minutes\" \/>\n<script type=\"application\/ld+json\" class=\"yoast-schema-graph\">{\"@context\":\"https:\\\/\\\/schema.org\",\"@graph\":[{\"@type\":\"WebPage\",\"@id\":\"https:\\\/\\\/www.emeraude.ch\\\/en\\\/exceptional\\\/\",\"url\":\"https:\\\/\\\/www.emeraude.ch\\\/en\\\/exceptional\\\/\",\"name\":\"EXCEPTIONAL - A l&#039;\u00c9meraude\",\"isPartOf\":{\"@id\":\"https:\\\/\\\/www.emeraude.ch\\\/en\\\/#website\"},\"datePublished\":\"2023-10-20T12:44:35+00:00\",\"dateModified\":\"2024-04-06T14:34:38+00:00\",\"breadcrumb\":{\"@id\":\"https:\\\/\\\/www.emeraude.ch\\\/en\\\/exceptional\\\/#breadcrumb\"},\"inLanguage\":\"en-US\",\"potentialAction\":[{\"@type\":\"ReadAction\",\"target\":[\"https:\\\/\\\/www.emeraude.ch\\\/en\\\/exceptional\\\/\"]}]},{\"@type\":\"BreadcrumbList\",\"@id\":\"https:\\\/\\\/www.emeraude.ch\\\/en\\\/exceptional\\\/#breadcrumb\",\"itemListElement\":[{\"@type\":\"ListItem\",\"position\":1,\"name\":\"Accueil\",\"item\":\"https:\\\/\\\/www.emeraude.ch\\\/en\\\/\"},{\"@type\":\"ListItem\",\"position\":2,\"name\":\"EXCEPTIONAL\"}]},{\"@type\":\"WebSite\",\"@id\":\"https:\\\/\\\/www.emeraude.ch\\\/en\\\/#website\",\"url\":\"https:\\\/\\\/www.emeraude.ch\\\/en\\\/\",\"name\":\"A l'\u00c9meraude\",\"description\":\"Chronom\u00e9trie | Joaillerie | Lausanne\",\"publisher\":{\"@id\":\"https:\\\/\\\/www.emeraude.ch\\\/en\\\/#organization\"},\"potentialAction\":[{\"@type\":\"SearchAction\",\"target\":{\"@type\":\"EntryPoint\",\"urlTemplate\":\"https:\\\/\\\/www.emeraude.ch\\\/en\\\/?s={search_term_string}\"},\"query-input\":{\"@type\":\"PropertyValueSpecification\",\"valueRequired\":true,\"valueName\":\"search_term_string\"}}],\"inLanguage\":\"en-US\"},{\"@type\":\"Organization\",\"@id\":\"https:\\\/\\\/www.emeraude.ch\\\/en\\\/#organization\",\"name\":\"A l'\u00c9meraude\",\"url\":\"https:\\\/\\\/www.emeraude.ch\\\/en\\\/\",\"logo\":{\"@type\":\"ImageObject\",\"inLanguage\":\"en-US\",\"@id\":\"https:\\\/\\\/www.emeraude.ch\\\/en\\\/#\\\/schema\\\/logo\\\/image\\\/\",\"url\":\"https:\\\/\\\/www.emeraude.ch\\\/wp-content\\\/uploads\\\/2023\\\/10\\\/emeraude-logo-590.png\",\"contentUrl\":\"https:\\\/\\\/www.emeraude.ch\\\/wp-content\\\/uploads\\\/2023\\\/10\\\/emeraude-logo-590.png\",\"width\":590,\"height\":58,\"caption\":\"A l'\u00c9meraude\"},\"image\":{\"@id\":\"https:\\\/\\\/www.emeraude.ch\\\/en\\\/#\\\/schema\\\/logo\\\/image\\\/\"},\"sameAs\":[\"https:\\\/\\\/www.instagram.com\\\/emeraude1909\\\/\"]}]}<\/script>\n<!-- \/ Yoast SEO plugin. -->","yoast_head_json":{"title":"EXCEPTIONAL - A l&#039;\u00c9meraude","robots":{"index":"index","follow":"follow","max-snippet":"max-snippet:-1","max-image-preview":"max-image-preview:large","max-video-preview":"max-video-preview:-1"},"canonical":"https:\/\/www.emeraude.ch\/en\/exceptional\/","og_locale":"en_US","og_type":"article","og_title":"EXCEPTIONAL - A l&#039;\u00c9meraude","og_url":"https:\/\/www.emeraude.ch\/en\/exceptional\/","og_site_name":"A l&#039;\u00c9meraude","article_modified_time":"2024-04-06T14:34:38+00:00","twitter_card":"summary_large_image","twitter_misc":{"Est. reading time":"32 minutes"},"schema":{"@context":"https:\/\/schema.org","@graph":[{"@type":"WebPage","@id":"https:\/\/www.emeraude.ch\/en\/exceptional\/","url":"https:\/\/www.emeraude.ch\/en\/exceptional\/","name":"EXCEPTIONAL - A l&#039;\u00c9meraude","isPartOf":{"@id":"https:\/\/www.emeraude.ch\/en\/#website"},"datePublished":"2023-10-20T12:44:35+00:00","dateModified":"2024-04-06T14:34:38+00:00","breadcrumb":{"@id":"https:\/\/www.emeraude.ch\/en\/exceptional\/#breadcrumb"},"inLanguage":"en-US","potentialAction":[{"@type":"ReadAction","target":["https:\/\/www.emeraude.ch\/en\/exceptional\/"]}]},{"@type":"BreadcrumbList","@id":"https:\/\/www.emeraude.ch\/en\/exceptional\/#breadcrumb","itemListElement":[{"@type":"ListItem","position":1,"name":"Accueil","item":"https:\/\/www.emeraude.ch\/en\/"},{"@type":"ListItem","position":2,"name":"EXCEPTIONAL"}]},{"@type":"WebSite","@id":"https:\/\/www.emeraude.ch\/en\/#website","url":"https:\/\/www.emeraude.ch\/en\/","name":"A l'\u00c9meraude","description":"Chronom\u00e9trie | Joaillerie | Lausanne","publisher":{"@id":"https:\/\/www.emeraude.ch\/en\/#organization"},"potentialAction":[{"@type":"SearchAction","target":{"@type":"EntryPoint","urlTemplate":"https:\/\/www.emeraude.ch\/en\/?s={search_term_string}"},"query-input":{"@type":"PropertyValueSpecification","valueRequired":true,"valueName":"search_term_string"}}],"inLanguage":"en-US"},{"@type":"Organization","@id":"https:\/\/www.emeraude.ch\/en\/#organization","name":"A l'\u00c9meraude","url":"https:\/\/www.emeraude.ch\/en\/","logo":{"@type":"ImageObject","inLanguage":"en-US","@id":"https:\/\/www.emeraude.ch\/en\/#\/schema\/logo\/image\/","url":"https:\/\/www.emeraude.ch\/wp-content\/uploads\/2023\/10\/emeraude-logo-590.png","contentUrl":"https:\/\/www.emeraude.ch\/wp-content\/uploads\/2023\/10\/emeraude-logo-590.png","width":590,"height":58,"caption":"A l'\u00c9meraude"},"image":{"@id":"https:\/\/www.emeraude.ch\/en\/#\/schema\/logo\/image\/"},"sameAs":["https:\/\/www.instagram.com\/emeraude1909\/"]}]}},"_links":{"self":[{"href":"https:\/\/www.emeraude.ch\/en\/wp-json\/wp\/v2\/pages\/2258","targetHints":{"allow":["GET"]}}],"collection":[{"href":"https:\/\/www.emeraude.ch\/en\/wp-json\/wp\/v2\/pages"}],"about":[{"href":"https:\/\/www.emeraude.ch\/en\/wp-json\/wp\/v2\/types\/page"}],"author":[{"embeddable":true,"href":"https:\/\/www.emeraude.ch\/en\/wp-json\/wp\/v2\/users\/1"}],"replies":[{"embeddable":true,"href":"https:\/\/www.emeraude.ch\/en\/wp-json\/wp\/v2\/comments?post=2258"}],"version-history":[{"count":5,"href":"https:\/\/www.emeraude.ch\/en\/wp-json\/wp\/v2\/pages\/2258\/revisions"}],"predecessor-version":[{"id":2857,"href":"https:\/\/www.emeraude.ch\/en\/wp-json\/wp\/v2\/pages\/2258\/revisions\/2857"}],"wp:attachment":[{"href":"https:\/\/www.emeraude.ch\/en\/wp-json\/wp\/v2\/media?parent=2258"}],"curies":[{"name":"wp","href":"https:\/\/api.w.org\/{rel}","templated":true}]}}