{"id":2322,"date":"2023-10-20T14:35:37","date_gmt":"2023-10-20T12:35:37","guid":{"rendered":"https:\/\/www.emeraude.ch\/watchmaking\/raul-pages\/"},"modified":"2024-02-16T15:36:04","modified_gmt":"2024-02-16T14:36:04","slug":"raul-pages","status":"publish","type":"page","link":"https:\/\/www.emeraude.ch\/en\/watchmaking\/raul-pages\/","title":{"rendered":"Ra\u00fal Pag\u00e8s"},"content":{"rendered":"<p><div class=\"fusion-fullwidth fullwidth-box fusion-builder-row-1 fusion-flex-container has-pattern-background has-mask-background nonhundred-percent-fullwidth non-hundred-percent-height-scrolling\" style=\"--awb-border-radius-top-left:0px;--awb-border-radius-top-right:0px;--awb-border-radius-bottom-right:0px;--awb-border-radius-bottom-left:0px;--awb-background-color:var(--awb-custom_color_1);--awb-flex-wrap:wrap;\" ><div class=\"fusion-builder-row fusion-row fusion-flex-align-items-flex-start fusion-flex-content-wrap\" style=\"max-width:1872px;margin-left: calc(-4% \/ 2 );margin-right: calc(-4% \/ 2 );\"><div class=\"fusion-layout-column fusion_builder_column fusion-builder-column-0 fusion_builder_column_1_1 1_1 fusion-flex-column\" style=\"--awb-padding-top:50px;--awb-padding-bottom:50px;--awb-bg-size:cover;--awb-width-large:100%;--awb-margin-top-large:0px;--awb-spacing-right-large:1.92%;--awb-margin-bottom-large:20px;--awb-spacing-left-large:1.92%;--awb-width-medium:100%;--awb-order-medium:0;--awb-spacing-right-medium:1.92%;--awb-spacing-left-medium:1.92%;--awb-width-small:100%;--awb-order-small:0;--awb-spacing-right-small:1.92%;--awb-spacing-left-small:1.92%;\" data-scroll-devices=\"small-visibility,medium-visibility,large-visibility\"><div class=\"fusion-column-wrapper fusion-column-has-shadow fusion-flex-justify-content-flex-start fusion-content-layout-column\"><div class=\"fusion-title title fusion-title-1 fusion-sep-none fusion-title-center fusion-title-text fusion-title-size-one fusion-animated\" style=\"--awb-text-color:var(--awb-color1);--awb-margin-top:40px;--awb-margin-top-small:40px;--awb-margin-right-small:0px;--awb-margin-bottom-small:10px;--awb-margin-left-small:0px;--awb-margin-top-medium:40px;\" data-animationType=\"slideInLeft\" data-animationDuration=\"0.5\" data-animationOffset=\"top-into-view\"><h1 class=\"fusion-title-heading title-heading-center fusion-responsive-typography-calculated\" style=\"margin:0;--fontSize:48;line-height:var(--awb-custom_typography_3-line-height);\"><p style=\"text-align: center;\">HORLOGERIE<\/p><\/h1><\/div>\n<div class=\"fusion-title title fusion-title-2 fusion-sep-none fusion-title-center fusion-title-text fusion-title-size-two fusion-animated\" style=\"--awb-text-color:var(--awb-color6);--awb-margin-top-small:10px;--awb-margin-right-small:0px;--awb-margin-bottom-small:10px;--awb-margin-left-small:0px;--awb-font-size:24px;\" data-animationType=\"slideInRight\" data-animationDuration=\"0.7\" data-animationDelay=\"0.2\" data-animationOffset=\"top-into-view\"><h2 class=\"fusion-title-heading title-heading-center fusion-responsive-typography-calculated\" style=\"margin:0;text-transform:uppercase;font-size:1em;--fontSize:24;line-height:var(--awb-custom_typography_4-line-height);\"><p style=\"text-align: center;\">RAUL PAGES<\/p><\/h2><\/div><\/div><\/div><\/div><\/div><div class=\"fusion-fullwidth fullwidth-box fusion-builder-row-2 fusion-flex-container has-pattern-background has-mask-background fusion-parallax-none nonhundred-percent-fullwidth non-hundred-percent-height-scrolling\" style=\"--awb-border-radius-top-left:0px;--awb-border-radius-top-right:0px;--awb-border-radius-bottom-right:0px;--awb-border-radius-bottom-left:0px;--awb-margin-bottom:50px;--awb-background-image:url(&quot;https:\/\/www.emeraude.ch\/wp-content\/uploads\/2023\/11\/raul-pages.jpg&quot;);--awb-background-size:cover;--awb-flex-wrap:wrap;\" ><div class=\"fusion-builder-row fusion-row fusion-flex-align-items-flex-start fusion-flex-content-wrap\" style=\"max-width:1872px;margin-left: calc(-4% \/ 2 );margin-right: calc(-4% \/ 2 );\"><div class=\"fusion-layout-column fusion_builder_column fusion-builder-column-1 fusion_builder_column_1_1 1_1 fusion-flex-column\" style=\"--awb-bg-size:cover;--awb-width-large:100%;--awb-margin-top-large:0px;--awb-spacing-right-large:1.92%;--awb-margin-bottom-large:20px;--awb-spacing-left-large:1.92%;--awb-width-medium:100%;--awb-order-medium:0;--awb-spacing-right-medium:1.92%;--awb-spacing-left-medium:1.92%;--awb-width-small:100%;--awb-order-small:0;--awb-spacing-right-small:1.92%;--awb-spacing-left-small:1.92%;\"><div class=\"fusion-column-wrapper fusion-column-has-shadow fusion-flex-justify-content-flex-start fusion-content-layout-column\"><div class=\"fusion-separator fusion-full-width-sep\" style=\"align-self: center;margin-left: auto;margin-right: auto;margin-top:690px;width:100%;\"><\/div><\/div><\/div><\/div><\/div><div class=\"fusion-fullwidth fullwidth-box fusion-builder-row-3 fusion-flex-container has-pattern-background has-mask-background nonhundred-percent-fullwidth non-hundred-percent-height-scrolling\" style=\"--awb-border-radius-top-left:0px;--awb-border-radius-top-right:0px;--awb-border-radius-bottom-right:0px;--awb-border-radius-bottom-left:0px;--awb-background-color:var(--awb-color1);--awb-flex-wrap:wrap;\" ><div class=\"fusion-builder-row fusion-row fusion-flex-align-items-flex-start fusion-flex-content-wrap\" style=\"max-width:1872px;margin-left: calc(-4% \/ 2 );margin-right: calc(-4% \/ 2 );\"><div class=\"fusion-layout-column fusion_builder_column fusion-builder-column-2 fusion-flex-column fusion-column-inner-bg-wrapper\" style=\"--awb-inner-bg-size:cover;--awb-width-large:10%;--awb-margin-top-large:0px;--awb-spacing-right-large:19.2%;--awb-margin-bottom-large:20px;--awb-spacing-left-large:19.2%;--awb-width-medium:10%;--awb-order-medium:0;--awb-spacing-right-medium:19.2%;--awb-spacing-left-medium:19.2%;--awb-width-small:100%;--awb-order-small:0;--awb-spacing-right-small:1.92%;--awb-spacing-left-small:1.92%;\" data-scroll-devices=\"small-visibility,medium-visibility,large-visibility\"><span class=\"fusion-column-inner-bg hover-type-zoomout\"><span class=\"fusion-column-anchor\"><span class=\"fusion-column-inner-bg-image\"><\/span><\/span><\/span><div class=\"fusion-column-wrapper fusion-column-has-shadow fusion-flex-justify-content-flex-start fusion-content-layout-column\"><\/div><\/div><div class=\"fusion-layout-column fusion_builder_column fusion-builder-column-3 fusion-flex-column\" style=\"--awb-bg-size:cover;--awb-width-large:40%;--awb-margin-top-large:0px;--awb-spacing-right-large:4.8%;--awb-margin-bottom-large:20px;--awb-spacing-left-large:4.8%;--awb-width-medium:40%;--awb-order-medium:0;--awb-spacing-right-medium:4.8%;--awb-spacing-left-medium:4.8%;--awb-width-small:100%;--awb-order-small:0;--awb-spacing-right-small:1.92%;--awb-spacing-left-small:1.92%;\" data-scroll-devices=\"small-visibility,medium-visibility,large-visibility\"><div class=\"fusion-column-wrapper fusion-column-has-shadow fusion-flex-justify-content-flex-start fusion-content-layout-column\"><div class=\"fusion-image-carousel fusion-image-carousel-auto fusion-image-carousel-1 lightbox-enabled\"><div class=\"awb-carousel awb-swiper awb-swiper-carousel awb-carousel--carousel awb-swiper-dots-position-bottom\" data-layout=\"carousel\" data-autoplay=\"yes\" data-autoplayspeed=\"2500\" data-autoplaypause=\"no\" data-loop=\"yes\" data-columns=\"1\" data-columnsmedium=\"1\" data-columnssmall=\"1\" data-itemmargin=\"0\" data-itemwidth=\"180\" data-touchscroll=\"no\" data-freemode=\"no\" data-imagesize=\"auto\" data-scrollitems=\"0\" data-centeredslides=\"no\" data-rotationangle=\"50\" data-depth=\"100\" data-speed=\"500\" data-shadow=\"no\" data-pagination=\"bullets\" style=\"--awb-columns:1;--awb-column-spacing:0px;\"><div class=\"swiper-wrapper awb-image-carousel-wrapper fusion-flex-align-items-center\"><\/div><div class=\"awb-swiper-button awb-swiper-button-prev\"><i class=\"awb-icon-angle-left\" aria-hidden=\"true\"><\/i><\/div><div class=\"awb-swiper-button awb-swiper-button-next\"><i class=\"awb-icon-angle-right\" aria-hidden=\"true\"><\/i><\/div><\/div><\/div><\/div><\/div><div class=\"fusion-layout-column fusion_builder_column fusion-builder-column-4 fusion-flex-column\" style=\"--awb-bg-size:cover;--awb-width-large:30%;--awb-margin-top-large:0px;--awb-spacing-right-large:6.4%;--awb-margin-bottom-large:20px;--awb-spacing-left-large:6.4%;--awb-width-medium:30%;--awb-order-medium:0;--awb-spacing-right-medium:6.4%;--awb-spacing-left-medium:6.4%;--awb-width-small:100%;--awb-order-small:0;--awb-spacing-right-small:1.92%;--awb-spacing-left-small:1.92%;\" data-scroll-devices=\"small-visibility,medium-visibility,large-visibility\"><div class=\"fusion-column-wrapper fusion-column-has-shadow fusion-flex-justify-content-flex-start fusion-content-layout-column\"><div class=\"fusion-title title fusion-title-3 fusion-sep-none fusion-title-center fusion-title-text fusion-title-size-three\" style=\"--awb-text-color:var(--awb-color6);--awb-margin-top-small:10px;--awb-margin-right-small:0px;--awb-margin-bottom-small:10px;--awb-margin-left-small:0px;--awb-font-size:24px;\"><h3 class=\"fusion-title-heading title-heading-center fusion-responsive-typography-calculated\" style=\"margin:0;font-size:1em;--fontSize:24;line-height:var(--awb-typography1-line-height);\"><p style=\"text-align: left;\">Since 2005<\/p><\/h3><\/div><div class=\"fusion-text fusion-text-1\" style=\"--awb-text-color:var(--awb-color8);\"><p>Ra\u00fal Pag\u00e8s is an independent Swiss watchmaker. In 2005, he obtained his diploma as a watchmaker-restorer in antique watchmaking. Then, in 2006, he obtained a diploma in watch complications design from the CIFOM in Le Locle. For more than 15 years, he has been restoring masterpieces of watchmaking from the world&#8217;s most prestigious collections. Thanks to these technical skills, he can now offer masterpieces that perfectly combine tradition and modernity.<\/p>\n<p>In 2012, he decided to set up his own business, making the 352 components of his now iconic &#8216;Tortue&#8217; automaton entirely by hand. Building on this experience, in 2016 he embarked on the production of a limited series of 10 pieces &#8220;Soberly Onyx&#8221;, his first timepiece. In 2017, he also became a member of the Acad\u00e9mie Horlog\u00e8re des Cr\u00e9ateurs Ind\u00e9pendants (AHCI).<\/p>\n<p>Ra\u00fal Pag\u00e8s is an accomplished musician with a passion for twentieth-century art history and design. He explores the measurement of time and its history as a multi-faceted artist. A rigorous and meticulous technician, he innovates and designs exceptional watch mechanisms.<\/p>\n<\/div><div style=\"text-align:left;\"><a class=\"fusion-button button-flat fusion-button-default-size button-default fusion-button-default button-1 fusion-button-default-span fusion-button-default-type\" style=\"--awb-margin-top:30px;--awb-margin-bottom:30px;\" target=\"_blank\" rel=\"noopener noreferrer\" href=\"https:\/\/www.pageswatches.com\/\"><span class=\"fusion-button-text awb-button__text awb-button__text--default\">OFFICIAL WEBSITE RAUL PAGES<\/span><\/a><\/div><\/div><\/div><div class=\"fusion-layout-column fusion_builder_column fusion-builder-column-5 fusion-flex-column\" style=\"--awb-bg-size:cover;--awb-width-large:20%;--awb-margin-top-large:0px;--awb-spacing-right-large:9.6%;--awb-margin-bottom-large:20px;--awb-spacing-left-large:9.6%;--awb-width-medium:20%;--awb-order-medium:0;--awb-spacing-right-medium:9.6%;--awb-spacing-left-medium:9.6%;--awb-width-small:100%;--awb-order-small:0;--awb-spacing-right-small:1.92%;--awb-spacing-left-small:1.92%;\" data-scroll-devices=\"small-visibility,medium-visibility,large-visibility\"><div class=\"fusion-column-wrapper fusion-column-has-shadow fusion-flex-justify-content-flex-start fusion-content-layout-column\"><\/div><\/div><\/div><\/div><\/p>\n","protected":false},"excerpt":{"rendered":"","protected":false},"author":1,"featured_media":0,"parent":2281,"menu_order":0,"comment_status":"closed","ping_status":"closed","template":"","meta":{"_acf_changed":false,"footnotes":""},"class_list":["post-2322","page","type-page","status-publish","hentry"],"acf":[],"yoast_head":"<!-- This site is optimized with the Yoast SEO plugin v27.4 - https:\/\/yoast.com\/product\/yoast-seo-wordpress\/ -->\n<title>Ra\u00fal Pag\u00e8s - A l&#039;\u00c9meraude<\/title>\n<meta name=\"robots\" content=\"index, follow, max-snippet:-1, max-image-preview:large, max-video-preview:-1\" \/>\n<link rel=\"canonical\" href=\"https:\/\/www.emeraude.ch\/en\/watchmaking\/raul-pages\/\" \/>\n<meta property=\"og:locale\" content=\"en_US\" \/>\n<meta property=\"og:type\" content=\"article\" \/>\n<meta property=\"og:title\" content=\"Ra\u00fal Pag\u00e8s - A l&#039;\u00c9meraude\" \/>\n<meta property=\"og:url\" content=\"https:\/\/www.emeraude.ch\/en\/watchmaking\/raul-pages\/\" \/>\n<meta property=\"og:site_name\" content=\"A l&#039;\u00c9meraude\" \/>\n<meta property=\"article:modified_time\" content=\"2024-02-16T14:36:04+00:00\" \/>\n<meta name=\"twitter:card\" content=\"summary_large_image\" \/>\n<meta name=\"twitter:label1\" content=\"Est. reading time\" \/>\n\t<meta name=\"twitter:data1\" content=\"28 minutes\" \/>\n<script type=\"application\/ld+json\" class=\"yoast-schema-graph\">{\"@context\":\"https:\\\/\\\/schema.org\",\"@graph\":[{\"@type\":\"WebPage\",\"@id\":\"https:\\\/\\\/www.emeraude.ch\\\/en\\\/watchmaking\\\/raul-pages\\\/\",\"url\":\"https:\\\/\\\/www.emeraude.ch\\\/en\\\/watchmaking\\\/raul-pages\\\/\",\"name\":\"Ra\u00fal Pag\u00e8s - A l&#039;\u00c9meraude\",\"isPartOf\":{\"@id\":\"https:\\\/\\\/www.emeraude.ch\\\/en\\\/#website\"},\"datePublished\":\"2023-10-20T12:35:37+00:00\",\"dateModified\":\"2024-02-16T14:36:04+00:00\",\"breadcrumb\":{\"@id\":\"https:\\\/\\\/www.emeraude.ch\\\/en\\\/watchmaking\\\/raul-pages\\\/#breadcrumb\"},\"inLanguage\":\"en-US\",\"potentialAction\":[{\"@type\":\"ReadAction\",\"target\":[\"https:\\\/\\\/www.emeraude.ch\\\/en\\\/watchmaking\\\/raul-pages\\\/\"]}]},{\"@type\":\"BreadcrumbList\",\"@id\":\"https:\\\/\\\/www.emeraude.ch\\\/en\\\/watchmaking\\\/raul-pages\\\/#breadcrumb\",\"itemListElement\":[{\"@type\":\"ListItem\",\"position\":1,\"name\":\"Accueil\",\"item\":\"https:\\\/\\\/www.emeraude.ch\\\/en\\\/\"},{\"@type\":\"ListItem\",\"position\":2,\"name\":\"WATCHMAKING\",\"item\":\"https:\\\/\\\/www.emeraude.ch\\\/en\\\/watchmaking\\\/\"},{\"@type\":\"ListItem\",\"position\":3,\"name\":\"Ra\u00fal Pag\u00e8s\"}]},{\"@type\":\"WebSite\",\"@id\":\"https:\\\/\\\/www.emeraude.ch\\\/en\\\/#website\",\"url\":\"https:\\\/\\\/www.emeraude.ch\\\/en\\\/\",\"name\":\"A l'\u00c9meraude\",\"description\":\"Chronom\u00e9trie | Joaillerie | Lausanne\",\"publisher\":{\"@id\":\"https:\\\/\\\/www.emeraude.ch\\\/en\\\/#organization\"},\"potentialAction\":[{\"@type\":\"SearchAction\",\"target\":{\"@type\":\"EntryPoint\",\"urlTemplate\":\"https:\\\/\\\/www.emeraude.ch\\\/en\\\/?s={search_term_string}\"},\"query-input\":{\"@type\":\"PropertyValueSpecification\",\"valueRequired\":true,\"valueName\":\"search_term_string\"}}],\"inLanguage\":\"en-US\"},{\"@type\":\"Organization\",\"@id\":\"https:\\\/\\\/www.emeraude.ch\\\/en\\\/#organization\",\"name\":\"A l'\u00c9meraude\",\"url\":\"https:\\\/\\\/www.emeraude.ch\\\/en\\\/\",\"logo\":{\"@type\":\"ImageObject\",\"inLanguage\":\"en-US\",\"@id\":\"https:\\\/\\\/www.emeraude.ch\\\/en\\\/#\\\/schema\\\/logo\\\/image\\\/\",\"url\":\"https:\\\/\\\/www.emeraude.ch\\\/wp-content\\\/uploads\\\/2023\\\/10\\\/emeraude-logo-590.png\",\"contentUrl\":\"https:\\\/\\\/www.emeraude.ch\\\/wp-content\\\/uploads\\\/2023\\\/10\\\/emeraude-logo-590.png\",\"width\":590,\"height\":58,\"caption\":\"A l'\u00c9meraude\"},\"image\":{\"@id\":\"https:\\\/\\\/www.emeraude.ch\\\/en\\\/#\\\/schema\\\/logo\\\/image\\\/\"},\"sameAs\":[\"https:\\\/\\\/www.instagram.com\\\/emeraude1909\\\/\"]}]}<\/script>\n<!-- \/ Yoast SEO plugin. -->","yoast_head_json":{"title":"Ra\u00fal Pag\u00e8s - A l&#039;\u00c9meraude","robots":{"index":"index","follow":"follow","max-snippet":"max-snippet:-1","max-image-preview":"max-image-preview:large","max-video-preview":"max-video-preview:-1"},"canonical":"https:\/\/www.emeraude.ch\/en\/watchmaking\/raul-pages\/","og_locale":"en_US","og_type":"article","og_title":"Ra\u00fal Pag\u00e8s - A l&#039;\u00c9meraude","og_url":"https:\/\/www.emeraude.ch\/en\/watchmaking\/raul-pages\/","og_site_name":"A l&#039;\u00c9meraude","article_modified_time":"2024-02-16T14:36:04+00:00","twitter_card":"summary_large_image","twitter_misc":{"Est. reading time":"28 minutes"},"schema":{"@context":"https:\/\/schema.org","@graph":[{"@type":"WebPage","@id":"https:\/\/www.emeraude.ch\/en\/watchmaking\/raul-pages\/","url":"https:\/\/www.emeraude.ch\/en\/watchmaking\/raul-pages\/","name":"Ra\u00fal Pag\u00e8s - A l&#039;\u00c9meraude","isPartOf":{"@id":"https:\/\/www.emeraude.ch\/en\/#website"},"datePublished":"2023-10-20T12:35:37+00:00","dateModified":"2024-02-16T14:36:04+00:00","breadcrumb":{"@id":"https:\/\/www.emeraude.ch\/en\/watchmaking\/raul-pages\/#breadcrumb"},"inLanguage":"en-US","potentialAction":[{"@type":"ReadAction","target":["https:\/\/www.emeraude.ch\/en\/watchmaking\/raul-pages\/"]}]},{"@type":"BreadcrumbList","@id":"https:\/\/www.emeraude.ch\/en\/watchmaking\/raul-pages\/#breadcrumb","itemListElement":[{"@type":"ListItem","position":1,"name":"Accueil","item":"https:\/\/www.emeraude.ch\/en\/"},{"@type":"ListItem","position":2,"name":"WATCHMAKING","item":"https:\/\/www.emeraude.ch\/en\/watchmaking\/"},{"@type":"ListItem","position":3,"name":"Ra\u00fal Pag\u00e8s"}]},{"@type":"WebSite","@id":"https:\/\/www.emeraude.ch\/en\/#website","url":"https:\/\/www.emeraude.ch\/en\/","name":"A l'\u00c9meraude","description":"Chronom\u00e9trie | Joaillerie | Lausanne","publisher":{"@id":"https:\/\/www.emeraude.ch\/en\/#organization"},"potentialAction":[{"@type":"SearchAction","target":{"@type":"EntryPoint","urlTemplate":"https:\/\/www.emeraude.ch\/en\/?s={search_term_string}"},"query-input":{"@type":"PropertyValueSpecification","valueRequired":true,"valueName":"search_term_string"}}],"inLanguage":"en-US"},{"@type":"Organization","@id":"https:\/\/www.emeraude.ch\/en\/#organization","name":"A l'\u00c9meraude","url":"https:\/\/www.emeraude.ch\/en\/","logo":{"@type":"ImageObject","inLanguage":"en-US","@id":"https:\/\/www.emeraude.ch\/en\/#\/schema\/logo\/image\/","url":"https:\/\/www.emeraude.ch\/wp-content\/uploads\/2023\/10\/emeraude-logo-590.png","contentUrl":"https:\/\/www.emeraude.ch\/wp-content\/uploads\/2023\/10\/emeraude-logo-590.png","width":590,"height":58,"caption":"A l'\u00c9meraude"},"image":{"@id":"https:\/\/www.emeraude.ch\/en\/#\/schema\/logo\/image\/"},"sameAs":["https:\/\/www.instagram.com\/emeraude1909\/"]}]}},"_links":{"self":[{"href":"https:\/\/www.emeraude.ch\/en\/wp-json\/wp\/v2\/pages\/2322","targetHints":{"allow":["GET"]}}],"collection":[{"href":"https:\/\/www.emeraude.ch\/en\/wp-json\/wp\/v2\/pages"}],"about":[{"href":"https:\/\/www.emeraude.ch\/en\/wp-json\/wp\/v2\/types\/page"}],"author":[{"embeddable":true,"href":"https:\/\/www.emeraude.ch\/en\/wp-json\/wp\/v2\/users\/1"}],"replies":[{"embeddable":true,"href":"https:\/\/www.emeraude.ch\/en\/wp-json\/wp\/v2\/comments?post=2322"}],"version-history":[{"count":2,"href":"https:\/\/www.emeraude.ch\/en\/wp-json\/wp\/v2\/pages\/2322\/revisions"}],"predecessor-version":[{"id":2324,"href":"https:\/\/www.emeraude.ch\/en\/wp-json\/wp\/v2\/pages\/2322\/revisions\/2324"}],"up":[{"embeddable":true,"href":"https:\/\/www.emeraude.ch\/en\/wp-json\/wp\/v2\/pages\/2281"}],"wp:attachment":[{"href":"https:\/\/www.emeraude.ch\/en\/wp-json\/wp\/v2\/media?parent=2322"}],"curies":[{"name":"wp","href":"https:\/\/api.w.org\/{rel}","templated":true}]}}